{"id":16,"date":"2018-10-04T18:11:34","date_gmt":"2018-10-04T16:11:34","guid":{"rendered":"http:\/\/wordpress.btf317.at\/?page_id=16"},"modified":"2019-07-25T12:38:13","modified_gmt":"2019-07-25T11:38:13","slug":"kef","status":"publish","type":"page","link":"https:\/\/www.fw-oebb.at\/index.php\/kef\/","title":{"rendered":"KEF &#8211; Klein Einsatz Fahrzeug"},"content":{"rendered":"\n<table id=\"tablepress-1\" class=\"tablepress tablepress-id-1\">\n<tbody class=\"row-striping row-hover\">\n<tr class=\"row-1\">\n\t<td class=\"column-1\"><strong>Bezeichnung<\/strong><\/td><td class=\"column-2\">KEF - Klein Einsatz Fahrzeug<\/td>\n<\/tr>\n<tr class=\"row-2\">\n\t<td class=\"column-1\"><strong>Hersteller\/Marke<\/strong><\/td><td class=\"column-2\">Mercedes Sprinter<\/td>\n<\/tr>\n<tr class=\"row-3\">\n\t<td class=\"column-1\"><strong>Baujahr<\/strong><\/td><td class=\"column-2\">2010<\/td>\n<\/tr>\n<tr class=\"row-4\">\n\t<td class=\"column-1\"><strong>Aufbauer<\/strong><\/td><td class=\"column-2\">Rosenbauer \u00d6sterreich<\/td>\n<\/tr>\n<tr class=\"row-5\">\n\t<td class=\"column-1\"><strong>Mannschaft<\/strong><\/td><td class=\"column-2\">1 : 3<\/td>\n<\/tr>\n<tr class=\"row-6\">\n\t<td class=\"column-1\"><strong>Getriebe<\/strong><\/td><td class=\"column-2\">Schaltgetriebe<\/td>\n<\/tr>\n<tr class=\"row-7\">\n\t<td class=\"column-1\"><strong>Leistung<\/strong><\/td><td class=\"column-2\">120 kW (~ 165 PS)<\/td>\n<\/tr>\n<\/tbody>\n<\/table>\n<!-- #tablepress-1 from cache -->\nngg_shortcode_0_placeholder\n<p>Dieses Fahrzeug ist f\u00fcr den Erstangriff f\u00fcr jede Art von Einsatz vorgesehen. Des Weiteren transportiert dieses Fahrzeug den \u00d6BB Einsatzleiter (Nicht zu verwechseln mit dem FW-Einsatzleiter) von Wolfurt an den Einsatzort. Der \u00d6BB Einsatzleiter ist der Ansprechpartner f\u00fcr die Ortsfeuerwehren am Einsatzort und kann Strecken sperren, freigeben, die Oberleitung abschalten und weitere Ausk\u00fcnfte geben.<\/p>\n<p><strong>Beladung:<\/strong><\/p>\n<ul>\n<li>2x Atemschutzger\u00e4te 300 Bar \u00dcberdruck<\/li>\n<li>Erdungsstangen<\/li>\n<li>W\u00e4rmebildkamera<\/li>\n<li>mobiler Sichtschutz<\/li>\n<li>Akku Kombispreitzer\/Schere<\/li>\n<li>Beleuchtungsmaterial<\/li>\n<li>Hochdruckl\u00fcfter<\/li>\n<li>Hochdruckl\u00f6schanlage mit 130 Liter Wassertank auf Rollcontainer (Container wechselbar)\n<ul>\n<li>Weitere Container f\u00fcr \u00d6l Eins\u00e4tze, Beleuchtung und Hochwasser<\/li>\n<li>Container k\u00f6nnen \u00fcber die Seilwinde und Rampe im Heck je nach Einsatz ausgewechselt werden<\/li>\n<\/ul>\n<\/li>\n<li>Teleskopleiter<\/li>\n<li>Absperrmaterial<\/li>\n<li>Schaufeltrage<\/li>\n<\/ul>\n<p>&nbsp;<\/p>\n","protected":false},"excerpt":{"rendered":"<p>&nbsp; Dieses Fahrzeug ist f\u00fcr den Erstangriff f\u00fcr jede Art von Einsatz vorgesehen. Des Weiteren transportiert dieses Fahrzeug den \u00d6BB Einsatzleiter (Nicht [&hellip;]<\/p>\n","protected":false},"author":2,"featured_media":0,"parent":0,"menu_order":0,"comment_status":"closed","ping_status":"closed","template":"","meta":{"ngg_post_thumbnail":0,"footnotes":""},"class_list":["post-16","page","type-page","status-publish","hentry"],"_links":{"self":[{"href":"https:\/\/www.fw-oebb.at\/index.php\/wp-json\/wp\/v2\/pages\/16","targetHints":{"allow":["GET"]}}],"collection":[{"href":"https:\/\/www.fw-oebb.at\/index.php\/wp-json\/wp\/v2\/pages"}],"about":[{"href":"https:\/\/www.fw-oebb.at\/index.php\/wp-json\/wp\/v2\/types\/page"}],"author":[{"embeddable":true,"href":"https:\/\/www.fw-oebb.at\/index.php\/wp-json\/wp\/v2\/users\/2"}],"replies":[{"embeddable":true,"href":"https:\/\/www.fw-oebb.at\/index.php\/wp-json\/wp\/v2\/comments?post=16"}],"version-history":[{"count":13,"href":"https:\/\/www.fw-oebb.at\/index.php\/wp-json\/wp\/v2\/pages\/16\/revisions"}],"predecessor-version":[{"id":2598,"href":"https:\/\/www.fw-oebb.at\/index.php\/wp-json\/wp\/v2\/pages\/16\/revisions\/2598"}],"wp:attachment":[{"href":"https:\/\/www.fw-oebb.at\/index.php\/wp-json\/wp\/v2\/media?parent=16"}],"curies":[{"name":"wp","href":"https:\/\/api.w.org\/{rel}","templated":true}]}}