{"id":25,"date":"2018-10-04T18:11:34","date_gmt":"2018-10-04T16:11:34","guid":{"rendered":"http:\/\/wordpress.btf317.at\/?page_id=25"},"modified":"2019-07-25T12:43:01","modified_gmt":"2019-07-25T11:43:01","slug":"loschzug","status":"publish","type":"page","link":"https:\/\/www.fw-oebb.at\/index.php\/loschzug\/","title":{"rendered":"L\u00f6schzug"},"content":{"rendered":"\n<table id=\"tablepress-28\" class=\"tablepress tablepress-id-28\">\n<tbody class=\"row-striping row-hover\">\n<tr class=\"row-1\">\n\t<td class=\"column-1\"><strong>Bezeichnung<\/strong><\/td><td class=\"column-2\">\u00d6BB L\u00f6schzug<\/td>\n<\/tr>\n<tr class=\"row-2\">\n\t<td class=\"column-1\"><strong>Hersteller\/Marke<\/strong><\/td><td class=\"column-2\">Dr\u00e4ger Austria<\/td>\n<\/tr>\n<tr class=\"row-3\">\n\t<td class=\"column-1\"><strong>Baujahr<\/strong><\/td><td class=\"column-2\">2004<\/td>\n<\/tr>\n<tr class=\"row-4\">\n\t<td class=\"column-1\"><strong>Aufbauer<\/strong><\/td><td class=\"column-2\">Dr\u00e4ger Austria<\/td>\n<\/tr>\n<tr class=\"row-5\">\n\t<td class=\"column-1\"><strong>Wassertank<\/strong><\/td><td class=\"column-2\">75 000 Liter<\/td>\n<\/tr>\n<tr class=\"row-6\">\n\t<td class=\"column-1\"><strong>Schaumtank<\/strong><\/td><td class=\"column-2\">200 Liter Klasse A, 400 Liter Alkoholbest\u00e4ndig<\/td>\n<\/tr>\n<\/tbody>\n<\/table>\n<!-- #tablepress-28 from cache -->\nngg_shortcode_0_placeholder\n<p>Der L\u00f6schzug kommt sowohl in&nbsp;Tunnel&nbsp;als auch auf freier Strecke zum Einsatz, sowie auf schwer zug\u00e4nglichen Gleisstrecken am Alberg. Die Fahrzeugaufbauten bestehen aus gasdichten&nbsp;Containern, welche sowohl den Einsatzkr\u00e4ften als auch den Geretteten bestm\u00f6glichen Schutz bieten.<\/p>\n<p>Die Z\u00fcge bestehen aus&nbsp;Feuerwehr- und&nbsp;Rettungseinheit. Sie fahren im Verbund an die Schadensstelle. Hier verbleibt die Feuerwehreinheit vor Ort, w\u00e4hrend die Rettungseinheit im Pendelverkehr Verungl\u00fcckte zum Rettungsplatz bringt.<\/p>\n<p>\u00dcber breite, ausziehbare Rampen an den Stirnseiten wird der Einstieg in die gesch\u00fctzten Fahrzeuge erm\u00f6glicht. Im Inneren ist neben der Technik (L\u00f6schwasserversorgung&nbsp;mit Pumpe und eigenen Tanks,&nbsp;Stromversorgung, Raumluftregeneration) Platz f\u00fcr Einsatzkr\u00e4fte und verungl\u00fcckte Reisende vorgesehen.<\/p>\n<p>Die Feuerwehreinheit besteht aus dem Energie- und L\u00f6schcontainer, welcher im Wesentlichen die Technische Versorgung beherbergt, und dem Mannschaftscontainer als gesch\u00fctzter R\u00fcckzugsraum f\u00fcr die Einsatzkr\u00e4fte.<\/p>\n<p>Durch&nbsp;Sensoren&nbsp;werden sowohl der Innenraum als auch die Umgebung auf Temperatur sowie das Vorhandensein verschiedener&nbsp;Schadstoffe&nbsp;\u00fcberwacht, um gegebenenfalls den R\u00fcckzug antreten zu k\u00f6nnen.<\/p>\n","protected":false},"excerpt":{"rendered":"<p>&nbsp; Der L\u00f6schzug kommt sowohl in&nbsp;Tunnel&nbsp;als auch auf freier Strecke zum Einsatz, sowie auf schwer zug\u00e4nglichen Gleisstrecken am Alberg. Die Fahrzeugaufbauten bestehen [&hellip;]<\/p>\n","protected":false},"author":2,"featured_media":0,"parent":0,"menu_order":0,"comment_status":"closed","ping_status":"closed","template":"","meta":{"ngg_post_thumbnail":0,"footnotes":""},"class_list":["post-25","page","type-page","status-publish","hentry"],"_links":{"self":[{"href":"https:\/\/www.fw-oebb.at\/index.php\/wp-json\/wp\/v2\/pages\/25","targetHints":{"allow":["GET"]}}],"collection":[{"href":"https:\/\/www.fw-oebb.at\/index.php\/wp-json\/wp\/v2\/pages"}],"about":[{"href":"https:\/\/www.fw-oebb.at\/index.php\/wp-json\/wp\/v2\/types\/page"}],"author":[{"embeddable":true,"href":"https:\/\/www.fw-oebb.at\/index.php\/wp-json\/wp\/v2\/users\/2"}],"replies":[{"embeddable":true,"href":"https:\/\/www.fw-oebb.at\/index.php\/wp-json\/wp\/v2\/comments?post=25"}],"version-history":[{"count":7,"href":"https:\/\/www.fw-oebb.at\/index.php\/wp-json\/wp\/v2\/pages\/25\/revisions"}],"predecessor-version":[{"id":2604,"href":"https:\/\/www.fw-oebb.at\/index.php\/wp-json\/wp\/v2\/pages\/25\/revisions\/2604"}],"wp:attachment":[{"href":"https:\/\/www.fw-oebb.at\/index.php\/wp-json\/wp\/v2\/media?parent=25"}],"curies":[{"name":"wp","href":"https:\/\/api.w.org\/{rel}","templated":true}]}}