{"id":26,"date":"2018-10-04T18:11:34","date_gmt":"2018-10-04T16:11:34","guid":{"rendered":"http:\/\/wordpress.btf317.at\/?page_id=26"},"modified":"2018-12-31T16:56:48","modified_gmt":"2018-12-31T15:56:48","slug":"rettungszug","status":"publish","type":"page","link":"https:\/\/www.fw-oebb.at\/index.php\/rettungszug\/","title":{"rendered":"Rettungszug"},"content":{"rendered":"\n<table id=\"tablepress-29\" class=\"tablepress tablepress-id-29\">\n<tbody class=\"row-striping row-hover\">\n<tr class=\"row-1\">\n\t<td class=\"column-1\"><strong>Bezeichnung<\/strong><\/td><td class=\"column-2\">\u00d6BB Rettungszug<\/td>\n<\/tr>\n<tr class=\"row-2\">\n\t<td class=\"column-1\"><strong>Hersteller\/Marke<\/strong><\/td><td class=\"column-2\">Dr\u00e4ger Austria<\/td>\n<\/tr>\n<tr class=\"row-3\">\n\t<td class=\"column-1\"><strong>Baujahr<\/strong><\/td><td class=\"column-2\">2004<\/td>\n<\/tr>\n<tr class=\"row-4\">\n\t<td class=\"column-1\"><strong>Aufbauer<\/strong><\/td><td class=\"column-2\">Dr\u00e4ger Austria<\/td>\n<\/tr>\n<\/tbody>\n<\/table>\n<!-- #tablepress-29 from cache -->\n<p>&nbsp;<\/p>\n<p>Der Rettungszug kommt sowohl in\u00a0Tunnel\u00a0als auch auf freier Strecke zum Einsatz, sowie auf schwer zug\u00e4nglichen Gleisstrecken am Alberg. Die Fahrzeugaufbauten bestehen aus gasdichten\u00a0Containern, welche sowohl den Einsatzkr\u00e4ften als auch den Geretteten bestm\u00f6glichen Schutz bieten.<\/p>\n<p>Der Rettungszug f\u00e4hrt mit dem L\u00f6schzug als Verbund an die Schadensstelle. Hier verbleibt die Feuerwehreinheit vor Ort, w\u00e4hrend die Rettungseinheit im Pendelverkehr Verungl\u00fcckte zum Rettungsplatz bringt. Die Rettungseinheit besteht aus dem Rettungscontainer, in welchem die Verungl\u00fcckten Passagiere Platz finden und durch das anwesende Sanit\u00e4tspersonal erstbehandelt werden k\u00f6nnen. Durch\u00a0Sensoren\u00a0werden sowohl der Innenraum als auch die Umgebung auf Temperatur sowie das Vorhandensein verschiedener\u00a0Schadstoffe\u00a0\u00fcberwacht, um gegebenenfalls den R\u00fcckzug antreten zu k\u00f6nnen.<\/p>\n<p>Der Rettungszug dient zum Retten eingeschlossener Personen aus dem Arlbergtunnel. Das Rettungskonzept des Arlberg Stra\u00dfen- und Arlberg Eisenbahntunnels sieht vor, das die zu rettenden Personen aus dem betroffenen Tunnel \u00fcber FRW (Flucht- und Rettungswege) \u00fcber den nicht betroffenen Tunnel in Sicherheit gebracht werden k\u00f6nnen.<\/p>\n","protected":false},"excerpt":{"rendered":"<p>&nbsp; Der Rettungszug kommt sowohl in\u00a0Tunnel\u00a0als auch auf freier Strecke zum Einsatz, sowie auf schwer zug\u00e4nglichen Gleisstrecken am Alberg. Die Fahrzeugaufbauten bestehen [&hellip;]<\/p>\n","protected":false},"author":2,"featured_media":0,"parent":0,"menu_order":0,"comment_status":"closed","ping_status":"closed","template":"","meta":{"ngg_post_thumbnail":0,"footnotes":""},"class_list":["post-26","page","type-page","status-publish","hentry"],"_links":{"self":[{"href":"https:\/\/www.fw-oebb.at\/index.php\/wp-json\/wp\/v2\/pages\/26","targetHints":{"allow":["GET"]}}],"collection":[{"href":"https:\/\/www.fw-oebb.at\/index.php\/wp-json\/wp\/v2\/pages"}],"about":[{"href":"https:\/\/www.fw-oebb.at\/index.php\/wp-json\/wp\/v2\/types\/page"}],"author":[{"embeddable":true,"href":"https:\/\/www.fw-oebb.at\/index.php\/wp-json\/wp\/v2\/users\/2"}],"replies":[{"embeddable":true,"href":"https:\/\/www.fw-oebb.at\/index.php\/wp-json\/wp\/v2\/comments?post=26"}],"version-history":[{"count":4,"href":"https:\/\/www.fw-oebb.at\/index.php\/wp-json\/wp\/v2\/pages\/26\/revisions"}],"predecessor-version":[{"id":1722,"href":"https:\/\/www.fw-oebb.at\/index.php\/wp-json\/wp\/v2\/pages\/26\/revisions\/1722"}],"wp:attachment":[{"href":"https:\/\/www.fw-oebb.at\/index.php\/wp-json\/wp\/v2\/media?parent=26"}],"curies":[{"name":"wp","href":"https:\/\/api.w.org\/{rel}","templated":true}]}}