{"id":3470,"date":"2020-05-02T12:00:01","date_gmt":"2020-05-02T11:00:01","guid":{"rendered":"https:\/\/www.fw-oebb.at\/?page_id=3470"},"modified":"2024-06-12T14:38:12","modified_gmt":"2024-06-12T12:38:12","slug":"wlf-wechselladefahrzeug","status":"publish","type":"page","link":"https:\/\/www.fw-oebb.at\/index.php\/wlf-wechselladefahrzeug\/","title":{"rendered":"WLF 1 &#8211; Wechselladefahrzeug 1"},"content":{"rendered":"\n<table id=\"tablepress-32\" class=\"tablepress tablepress-id-32\">\n<tbody class=\"row-striping row-hover\">\n<tr class=\"row-1\">\n\t<td class=\"column-1\"><strong>Bezeichnung<\/strong><\/td><td class=\"column-2\">WLF - Wechselladefahrzeug<\/td>\n<\/tr>\n<tr class=\"row-2\">\n\t<td class=\"column-1\"><strong>Hersteller\/Marke<\/strong><\/td><td class=\"column-2\">MAN TGS 26.460<\/td>\n<\/tr>\n<tr class=\"row-3\">\n\t<td class=\"column-1\"><strong>Baujahr<\/strong><\/td><td class=\"column-2\">2019<\/td>\n<\/tr>\n<tr class=\"row-4\">\n\t<td class=\"column-1\"><strong>Aufbauer<\/strong><\/td><td class=\"column-2\">MAGIRUS LOHR<\/td>\n<\/tr>\n<tr class=\"row-5\">\n\t<td class=\"column-1\"><strong>Mannschaft<\/strong><\/td><td class=\"column-2\">1 : 1<\/td>\n<\/tr>\n<tr class=\"row-6\">\n\t<td class=\"column-1\"><strong>h\u00f6chst. zul. Gesamtgewicht<\/strong><\/td><td class=\"column-2\">26 Tonnen<\/td>\n<\/tr>\n<tr class=\"row-7\">\n\t<td class=\"column-1\"><strong>Getriebe<\/strong><\/td><td class=\"column-2\">Automatik<\/td>\n<\/tr>\n<tr class=\"row-8\">\n\t<td class=\"column-1\"><strong>Leistung<\/strong><\/td><td class=\"column-2\">338 kW (~ 460 PS)<\/td>\n<\/tr>\n<tr class=\"row-9\">\n\t<td class=\"column-1\"><strong>Abrollbeh\u00e4lter<\/strong><\/td><td class=\"column-2\">AB THL<br \/>\nAB TL<br \/>\nAB PRITSCHE<\/td>\n<\/tr>\n<\/tbody>\n<\/table>\n<!-- #tablepress-32 from cache -->\n<p>ngg_shortcode_0_placeholderDas Wechselladefahrzeug (WLF), wurde 2019 von Magirus Lohr auf einem MAN TGS 26.460 aufgebaut. Mit dem universell einsetzbaren Fahrzeug k\u00f6nnen verschiedenste schwere Ger\u00e4tschaften an den Einsatzort entlang der \u00d6BB Strecke im gesamten Bundesland Vorarlberg transportiert werden. Standardm\u00e4\u00dfig ist auf dem Wechselaufbau der Abrollbeh\u00e4lter Technische Hilfeleistung (AB-THL) verladen. In diesem Containeraufbau sind neben diversen technischen Ger\u00e4ten und Evakuierungshilfen f\u00fcr Z\u00fcge auch bis zu 6 verschiedene Rollcontainer verladen, welche je nach Einsatzart individuell eingeladen werden.<\/p>\n<p>Neben dem AB-THL ist auch der Abrollbeh\u00e4lter Telelader (AB-TL) mitsamt Telelader (TL) in Wolfurt stationiert. Gemeinsam mit dem Telelader sind auch diverse Anbauger\u00e4te (Staplergabel, Schaufel, Kranhaken und Korb) auf dem Abrollbeh\u00e4lter mit dabei. Aufgebaut wurde der Telelader von der Firma Liebherr in Zusammenarbeit mit der Firma Lins Fahrzeugtechnik im Jahr 2020. Mit einer maximalen Hubh\u00f6he von ~10 Metern und einer maximalen Traglast von ~3.300 kg ist auch dieses Ger\u00e4t sehr individuell einsetzbar. Alle Rollcontainer der Feuerwehr \u00d6BB sind so aufgebaut, dass sie vom Telelader auch in unwegsamen Gel\u00e4nde entlang der \u00d6BB Strecke, speziell bei der Arlbergbahnstrecke, bis zur Einsatzstelle transportiert werden k\u00f6nnen.<\/p>\n<p>Beladung WLF1:<\/p>\n<ul>\n<li>2x Handfunkger\u00e4te<\/li>\n<li>diverses Material f\u00fcr Verkehrsabsicherung<\/li>\n<li>diverses Material zur Ladegutsicherung<\/li>\n<li>Feuerl\u00f6scher<\/li>\n<li>Dieselkanister<\/li>\n<li>Werkzeugkisten<\/li>\n<li>Stra\u00dfenbesen<\/li>\n<li>Spaten<\/li>\n<li>Spannketten f\u00fcr den TL<\/li>\n<\/ul>\n","protected":false},"excerpt":{"rendered":"<p>Das Wechselladefahrzeug (WLF), wurde 2019 von Magirus Lohr auf einem MAN TGS 26.460 aufgebaut. Mit dem universell einsetzbaren Fahrzeug k\u00f6nnen verschiedenste schwere [&hellip;]<\/p>\n","protected":false},"author":2,"featured_media":0,"parent":0,"menu_order":0,"comment_status":"closed","ping_status":"closed","template":"","meta":{"ngg_post_thumbnail":0,"footnotes":""},"class_list":["post-3470","page","type-page","status-publish","hentry"],"_links":{"self":[{"href":"https:\/\/www.fw-oebb.at\/index.php\/wp-json\/wp\/v2\/pages\/3470","targetHints":{"allow":["GET"]}}],"collection":[{"href":"https:\/\/www.fw-oebb.at\/index.php\/wp-json\/wp\/v2\/pages"}],"about":[{"href":"https:\/\/www.fw-oebb.at\/index.php\/wp-json\/wp\/v2\/types\/page"}],"author":[{"embeddable":true,"href":"https:\/\/www.fw-oebb.at\/index.php\/wp-json\/wp\/v2\/users\/2"}],"replies":[{"embeddable":true,"href":"https:\/\/www.fw-oebb.at\/index.php\/wp-json\/wp\/v2\/comments?post=3470"}],"version-history":[{"count":12,"href":"https:\/\/www.fw-oebb.at\/index.php\/wp-json\/wp\/v2\/pages\/3470\/revisions"}],"predecessor-version":[{"id":6940,"href":"https:\/\/www.fw-oebb.at\/index.php\/wp-json\/wp\/v2\/pages\/3470\/revisions\/6940"}],"wp:attachment":[{"href":"https:\/\/www.fw-oebb.at\/index.php\/wp-json\/wp\/v2\/media?parent=3470"}],"curies":[{"name":"wp","href":"https:\/\/api.w.org\/{rel}","templated":true}]}}