{"id":3896,"date":"2020-10-06T11:49:12","date_gmt":"2020-10-06T10:49:12","guid":{"rendered":"https:\/\/www.fw-oebb.at\/?page_id=3896"},"modified":"2021-03-08T12:18:01","modified_gmt":"2021-03-08T11:18:01","slug":"telelader","status":"publish","type":"page","link":"https:\/\/www.fw-oebb.at\/index.php\/fuhrpark\/telelader\/","title":{"rendered":"TL &#8211; Telelader"},"content":{"rendered":"\n<table id=\"tablepress-34\" class=\"tablepress tablepress-id-34\">\n<tbody class=\"row-striping row-hover\">\n<tr class=\"row-1\">\n\t<td class=\"column-1\"><strong>Bezeichnung<\/strong><\/td><td class=\"column-2\">TL - Telelader<\/td>\n<\/tr>\n<tr class=\"row-2\">\n\t<td class=\"column-1\"><strong>Hersteller\/Marke<\/strong><\/td><td class=\"column-2\">Liebherr<\/td>\n<\/tr>\n<tr class=\"row-3\">\n\t<td class=\"column-1\"><strong>Baujahr<\/strong><\/td><td class=\"column-2\">2020<\/td>\n<\/tr>\n<tr class=\"row-4\">\n\t<td class=\"column-1\"><strong>Aufbauer<\/strong><\/td><td class=\"column-2\">Liebherr<\/td>\n<\/tr>\n<tr class=\"row-5\">\n\t<td class=\"column-1\"><strong>Mannschaft<\/strong><\/td><td class=\"column-2\">1 : 2 (1 Maschinist + 2 Unterst\u00fctzer rund um das Fahrzeug)<\/td>\n<\/tr>\n<tr class=\"row-6\">\n\t<td class=\"column-1\"><strong>Leistung<\/strong><\/td><td class=\"column-2\">100 kW (~ 136 PS)<\/td>\n<\/tr>\n<tr class=\"row-7\">\n\t<td class=\"column-1\"><strong>Gesamth\u00f6he<\/strong><\/td><td class=\"column-2\">2.465 mm<\/td>\n<\/tr>\n<tr class=\"row-8\">\n\t<td class=\"column-1\"><strong>Gesamtbreite \u00fcber Standardbereifung<\/strong><\/td><td class=\"column-2\">2.327 mm<\/td>\n<\/tr>\n<tr class=\"row-9\">\n\t<td class=\"column-1\"><strong>Einsatzgewicht<\/strong><\/td><td class=\"column-2\">8.050 kg<\/td>\n<\/tr>\n<tr class=\"row-10\">\n\t<td class=\"column-1\"><strong>Max. Traglast<\/strong><\/td><td class=\"column-2\">3.300 kg<\/td>\n<\/tr>\n<tr class=\"row-11\">\n\t<td class=\"column-1\"><strong>Max. Hubh\u00f6he<\/strong><\/td><td class=\"column-2\">9.747 mm<\/td>\n<\/tr>\n<tr class=\"row-12\">\n\t<td class=\"column-1\"><strong>Max. Reichweite bis Gabelzinkenr\u00fccken<\/strong><\/td><td class=\"column-2\">7.176 mm<\/td>\n<\/tr>\n<\/tbody>\n<\/table>\n<!-- #tablepress-34 from cache -->\n<p>ngg_shortcode_0_placeholderDer Telelader wurde im Jahr 2020 f\u00fcr Eins\u00e4tze in unwegsamen Gel\u00e4nde und abseits von normalen Verkehrswegen angeschafft. Mit dem Telelader kann das Einsatzequipment schnell und sicher an jeden Punkt auf dem Gel\u00e4nde des G\u00fcterbahnhofes Wolfurt transportiert werden. Mit dem Arbeitskorb ist ein sicheres Arbeiten abseits von befestigtem Untergrund in bis zu 10 Metern H\u00f6he sicher m\u00f6glich. Dies ist gerade auf dem Gel\u00e4nde des G\u00fcterbahnhofes vorteilhaft, da hier ein Standard Hubrettungsger\u00e4t der Feuerwehr nicht \u00fcberall eingesetzt werden kann. Aber auch ein Einsatz abseits des G\u00fcterbahnhofes Wolfurt (beispielsweise entlang der \u00d6BB Arlbergstrecke) ist m\u00f6glich. Hierzu wird der Telelader auf das Wechselladefahrzeug aufgeladen und an den Einsatzort transportiert.<\/p>\n<p><span style=\"text-decoration: underline;\"><strong>Anbauger\u00e4te:<\/strong><\/span><\/p>\n<ul>\n<li>Arbeitskorb f\u00fcr 2 Personen\n<ul>\n<li>Max. 200 kg Traglast<\/li>\n<li>Steuerung des Teleladers von der Plattform aus m\u00f6glich (ohne Fahrfunktion)<\/li>\n<li>2x 230 V (max. 3.00 W) im Arbeitskorb vorhanden<\/li>\n<li>Wasserwerfer mit Steigleitung\n<ul>\n<li>Wasserversorgung \u00fcber C-Leitung welche innerhalb von kurzer Zeit zum Korb \u00fcber ein fest verlegtes Rohr aufgezogen werden kann<\/li>\n<\/ul>\n<\/li>\n<li>Arbeitsscheinwerfer oberhalb des Korbes<\/li>\n<li>Korbbeleuchtung<\/li>\n<li>LED-Leuchten unterhalb des Korbes<\/li>\n<\/ul>\n<\/li>\n<li>Schaufel\n<ul>\n<li>F\u00fcllmenge 850 Liter<\/li>\n<li>Max. Traglast 2.500 kg<\/li>\n<\/ul>\n<\/li>\n<li>Haken zum Bewegen von Abrollbeh\u00e4ltern des WLF<\/li>\n<li>Kranhaken<\/li>\n<li>Staplergabel&nbsp;<\/li>\n<\/ul>\n<p>&nbsp;<\/p>\n","protected":false},"excerpt":{"rendered":"<p>Der Telelader wurde im Jahr 2020 f\u00fcr Eins\u00e4tze in unwegsamen Gel\u00e4nde und abseits von normalen Verkehrswegen angeschafft. Mit dem Telelader kann das [&hellip;]<\/p>\n","protected":false},"author":2,"featured_media":0,"parent":15,"menu_order":0,"comment_status":"closed","ping_status":"closed","template":"","meta":{"ngg_post_thumbnail":0,"footnotes":""},"class_list":["post-3896","page","type-page","status-publish","hentry"],"_links":{"self":[{"href":"https:\/\/www.fw-oebb.at\/index.php\/wp-json\/wp\/v2\/pages\/3896","targetHints":{"allow":["GET"]}}],"collection":[{"href":"https:\/\/www.fw-oebb.at\/index.php\/wp-json\/wp\/v2\/pages"}],"about":[{"href":"https:\/\/www.fw-oebb.at\/index.php\/wp-json\/wp\/v2\/types\/page"}],"author":[{"embeddable":true,"href":"https:\/\/www.fw-oebb.at\/index.php\/wp-json\/wp\/v2\/users\/2"}],"replies":[{"embeddable":true,"href":"https:\/\/www.fw-oebb.at\/index.php\/wp-json\/wp\/v2\/comments?post=3896"}],"version-history":[{"count":7,"href":"https:\/\/www.fw-oebb.at\/index.php\/wp-json\/wp\/v2\/pages\/3896\/revisions"}],"predecessor-version":[{"id":4366,"href":"https:\/\/www.fw-oebb.at\/index.php\/wp-json\/wp\/v2\/pages\/3896\/revisions\/4366"}],"up":[{"embeddable":true,"href":"https:\/\/www.fw-oebb.at\/index.php\/wp-json\/wp\/v2\/pages\/15"}],"wp:attachment":[{"href":"https:\/\/www.fw-oebb.at\/index.php\/wp-json\/wp\/v2\/media?parent=3896"}],"curies":[{"name":"wp","href":"https:\/\/api.w.org\/{rel}","templated":true}]}}