{"id":7749,"date":"2025-10-24T15:49:37","date_gmt":"2025-10-24T13:49:37","guid":{"rendered":"https:\/\/www.fw-oebb.at\/?page_id=7749"},"modified":"2025-10-24T15:49:37","modified_gmt":"2025-10-24T13:49:37","slug":"vf-c-versorgungsfahrzeug-mit-containerbeladung","status":"publish","type":"page","link":"https:\/\/www.fw-oebb.at\/index.php\/vf-c-versorgungsfahrzeug-mit-containerbeladung\/","title":{"rendered":"VF-C &#8211; Versorgungsfahrzeug mit Containerbeladung"},"content":{"rendered":"\n<table id=\"tablepress-4\" class=\"tablepress tablepress-id-4\">\n<tbody class=\"row-striping row-hover\">\n<tr class=\"row-1\">\n\t<td class=\"column-1\"><strong>Bezeichnung<\/strong><\/td><td class=\"column-2\">VF-C - Versorgungsfahrzeug mit Containerbeladung<\/td>\n<\/tr>\n<tr class=\"row-2\">\n\t<td class=\"column-1\"><strong>Hersteller\/Marke<\/strong><\/td><td class=\"column-2\">MAN TGM<\/td>\n<\/tr>\n<tr class=\"row-3\">\n\t<td class=\"column-1\"><strong>Baujahr<\/strong><\/td><td class=\"column-2\">2025<\/td>\n<\/tr>\n<tr class=\"row-4\">\n\t<td class=\"column-1\"><strong>Aufbauer<\/strong><\/td><td class=\"column-2\">Fa. Keller in R\u00fcckersdorf<\/td>\n<\/tr>\n<tr class=\"row-5\">\n\t<td class=\"column-1\"><strong>Mannschaft<\/strong><\/td><td class=\"column-2\">1 : 5<\/td>\n<\/tr>\n<tr class=\"row-6\">\n\t<td class=\"column-1\"><strong>h\u00f6chst. zul. Gesamtgewicht<\/strong><\/td><td class=\"column-2\">16 Tonnen<\/td>\n<\/tr>\n<tr class=\"row-7\">\n\t<td class=\"column-1\"><strong>Getriebe<\/strong><\/td><td class=\"column-2\">Automatik<\/td>\n<\/tr>\n<tr class=\"row-8\">\n\t<td class=\"column-1\"><strong>Leistung<\/strong><\/td><td class=\"column-2\">235 kW (~ 320 PS)<\/td>\n<\/tr>\n<\/tbody>\n<\/table>\n<!-- #tablepress-4 from cache -->\n<p>ngg_shortcode_0_placeholderDas Versorgungsfahrzeug mit Containerbeladung (WLF), wurde 2025 von der FirmaKeller in R\u00fcckersdorf auf einem MAN TGM aufgebaut. Mit dem universell einsetzbaren Fahrzeug k\u00f6nnen verschiedenste Rollcontainer oder andere wechselnde Beladung an den Einsatzort entlang der \u00d6BB Strecke im gesamten Bundesland Vorarlberg transportiert werden.&nbsp;<\/p>\n<p>Beladung WLF2:<\/p>\n<ul>\n<li>2 Tonnen Hebeb\u00fchne<\/li>\n<li>5x Handfunkger\u00e4te<\/li>\n<li>1x Tablet mit LIS Zugang<\/li>\n<li>diverses Material f\u00fcr Verkehrsabsicherung<\/li>\n<li>Werkzeugkoffer<\/li>\n<li>Beleuchtungsmaterial<\/li>\n<li>Einbaugenerator<\/li>\n<li>Feuerl\u00f6scher<\/li>\n<\/ul>\n","protected":false},"excerpt":{"rendered":"<p>Das Versorgungsfahrzeug mit Containerbeladung (WLF), wurde 2025 von der FirmaKeller in R\u00fcckersdorf auf einem MAN TGM aufgebaut. Mit dem universell einsetzbaren Fahrzeug [&hellip;]<\/p>\n","protected":false},"author":2,"featured_media":0,"parent":0,"menu_order":0,"comment_status":"closed","ping_status":"closed","template":"","meta":{"ngg_post_thumbnail":0,"footnotes":""},"class_list":["post-7749","page","type-page","status-publish","hentry"],"_links":{"self":[{"href":"https:\/\/www.fw-oebb.at\/index.php\/wp-json\/wp\/v2\/pages\/7749","targetHints":{"allow":["GET"]}}],"collection":[{"href":"https:\/\/www.fw-oebb.at\/index.php\/wp-json\/wp\/v2\/pages"}],"about":[{"href":"https:\/\/www.fw-oebb.at\/index.php\/wp-json\/wp\/v2\/types\/page"}],"author":[{"embeddable":true,"href":"https:\/\/www.fw-oebb.at\/index.php\/wp-json\/wp\/v2\/users\/2"}],"replies":[{"embeddable":true,"href":"https:\/\/www.fw-oebb.at\/index.php\/wp-json\/wp\/v2\/comments?post=7749"}],"version-history":[{"count":2,"href":"https:\/\/www.fw-oebb.at\/index.php\/wp-json\/wp\/v2\/pages\/7749\/revisions"}],"predecessor-version":[{"id":7779,"href":"https:\/\/www.fw-oebb.at\/index.php\/wp-json\/wp\/v2\/pages\/7749\/revisions\/7779"}],"wp:attachment":[{"href":"https:\/\/www.fw-oebb.at\/index.php\/wp-json\/wp\/v2\/media?parent=7749"}],"curies":[{"name":"wp","href":"https:\/\/api.w.org\/{rel}","templated":true}]}}